{"id":86,"date":"2023-11-15T16:13:51","date_gmt":"2023-11-15T16:13:51","guid":{"rendered":"https:\/\/capibara.express\/thuamanguina\/carrito\/"},"modified":"2023-11-30T19:39:30","modified_gmt":"2023-11-30T19:39:30","slug":"carrito","status":"publish","type":"page","link":"https:\/\/capibara.express\/thuamanguina\/carrito\/","title":{"rendered":"Carrito"},"content":{"rendered":"\t\t<div data-elementor-type=\"wp-page\" data-elementor-id=\"86\" class=\"elementor elementor-86\" data-elementor-post-type=\"page\">\n\t\t\t\t\t\t\t<div class=\"elementor-element elementor-element-1eb51876 e-flex e-con-boxed e-con e-parent\" data-id=\"1eb51876\" data-element_type=\"container\" data-settings=\"{&quot;content_width&quot;:&quot;boxed&quot;,&quot;_ob_use_container_extras&quot;:&quot;no&quot;,&quot;_ob_column_hoveranimator&quot;:&quot;no&quot;,&quot;_ob_glider_is_slider&quot;:&quot;no&quot;,&quot;_ob_column_has_pseudo&quot;:&quot;no&quot;}\" data-core-v316-plus=\"true\">\n\t\t\t\t\t<div class=\"e-con-inner\">\n\t\t\t\t\t<\/div>\n\t\t\t\t<\/div>\n\t\t\t\t\t\t\t<\/div>\n\t\t","protected":false},"excerpt":{"rendered":"<p>Eliminar art\u00edculo Imagen en miniatura Producto Precio Cantidad Subtotal &times; Bruno S\/&nbsp;100.00 Bruno cantidad S\/&nbsp;100.00 Actualizar el carrito Aplicar el cup\u00f3n Totales del carrito Subtotal S\/&nbsp;100.00 Env\u00edo Precio fijo: S\/&nbsp;5.00 Enviar a Calle Valencia 150, Segundo piso, La Perla, El Callao. Cambiar direcci\u00f3n Pa\u00eds o regi\u00f3n: Selecciona un pa\u00eds\/regi\u00f3n&hellip;Afganist\u00e1nAlbaniaAlemaniaAndorraAngolaAnguillaAnt\u00e1rtidaAntigua y BarbudaArabia SauditaArgeliaArgentinaArmeniaArubaAustraliaAustriaAzerbaijanBahamasBahrainBangladeshBarbadosBelauB\u00e9lgicaBelizeBeninBermudaBhutanBielorrusiaBirmaniaBoliviaBonaire, San Eustaquio y [&hellip;]<\/p>\n","protected":false},"author":1,"featured_media":0,"parent":0,"menu_order":0,"comment_status":"closed","ping_status":"closed","template":"","meta":{"footnotes":""},"class_list":["post-86","page","type-page","status-publish","hentry"],"acf":[],"_links":{"self":[{"href":"https:\/\/capibara.express\/thuamanguina\/wp-json\/wp\/v2\/pages\/86","targetHints":{"allow":["GET"]}}],"collection":[{"href":"https:\/\/capibara.express\/thuamanguina\/wp-json\/wp\/v2\/pages"}],"about":[{"href":"https:\/\/capibara.express\/thuamanguina\/wp-json\/wp\/v2\/types\/page"}],"author":[{"embeddable":true,"href":"https:\/\/capibara.express\/thuamanguina\/wp-json\/wp\/v2\/users\/1"}],"replies":[{"embeddable":true,"href":"https:\/\/capibara.express\/thuamanguina\/wp-json\/wp\/v2\/comments?post=86"}],"version-history":[{"count":9,"href":"https:\/\/capibara.express\/thuamanguina\/wp-json\/wp\/v2\/pages\/86\/revisions"}],"predecessor-version":[{"id":345,"href":"https:\/\/capibara.express\/thuamanguina\/wp-json\/wp\/v2\/pages\/86\/revisions\/345"}],"wp:attachment":[{"href":"https:\/\/capibara.express\/thuamanguina\/wp-json\/wp\/v2\/media?parent=86"}],"curies":[{"name":"wp","href":"https:\/\/api.w.org\/{rel}","templated":true}]}}