{"id":545,"date":"2024-03-19T22:55:19","date_gmt":"2024-03-19T22:55:19","guid":{"rendered":"https:\/\/capibara.express\/thuamanguina\/producto\/torta-circular-de-24cm\/"},"modified":"2024-03-19T22:55:19","modified_gmt":"2024-03-19T22:55:19","slug":"torta-circular-de-24cm","status":"publish","type":"product","link":"https:\/\/capibara.express\/thuamanguina\/producto\/torta-circular-de-24cm\/","title":{"rendered":"torta  circular  de 24cm"},"content":{"rendered":"","protected":false},"excerpt":{"rendered":"<p>Torta personalizada inspirada en Ayacucho: sabores aut\u00e9nticos, dise\u00f1o \u00fanico, arte culinario para celebraciones especiales.<\/p>\n","protected":false},"featured_media":507,"template":"","meta":[],"product_cat":[33],"product_tag":[],"class_list":["post-545","product","type-product","status-publish","has-post-thumbnail","hentry","product_cat-torta-circular"],"acf":[],"_links":{"self":[{"href":"https:\/\/capibara.express\/thuamanguina\/wp-json\/wp\/v2\/product\/545","targetHints":{"allow":["GET"]}}],"collection":[{"href":"https:\/\/capibara.express\/thuamanguina\/wp-json\/wp\/v2\/product"}],"about":[{"href":"https:\/\/capibara.express\/thuamanguina\/wp-json\/wp\/v2\/types\/product"}],"wp:featuredmedia":[{"embeddable":true,"href":"https:\/\/capibara.express\/thuamanguina\/wp-json\/wp\/v2\/media\/507"}],"wp:attachment":[{"href":"https:\/\/capibara.express\/thuamanguina\/wp-json\/wp\/v2\/media?parent=545"}],"wp:term":[{"taxonomy":"product_cat","embeddable":true,"href":"https:\/\/capibara.express\/thuamanguina\/wp-json\/wp\/v2\/product_cat?post=545"},{"taxonomy":"product_tag","embeddable":true,"href":"https:\/\/capibara.express\/thuamanguina\/wp-json\/wp\/v2\/product_tag?post=545"}],"curies":[{"name":"wp","href":"https:\/\/api.w.org\/{rel}","templated":true}]}}