{"id":548,"date":"2024-03-19T22:55:19","date_gmt":"2024-03-19T22:55:19","guid":{"rendered":"https:\/\/capibara.express\/thuamanguina\/producto\/torta-circular-de-18cm\/"},"modified":"2024-03-19T22:55:19","modified_gmt":"2024-03-19T22:55:19","slug":"torta-circular-de-18cm","status":"publish","type":"product","link":"https:\/\/capibara.express\/thuamanguina\/producto\/torta-circular-de-18cm\/","title":{"rendered":"torta  circular  de 18cm"},"content":{"rendered":"","protected":false},"excerpt":{"rendered":"<p>Torta vers\u00e1til para toda ocasi\u00f3n: delicioso sabor, decoraci\u00f3n adaptable y arte repostero que encanta en cualquier evento<\/p>\n","protected":false},"featured_media":504,"template":"","meta":[],"product_cat":[33],"product_tag":[],"class_list":["post-548","product","type-product","status-publish","has-post-thumbnail","hentry","product_cat-torta-circular"],"acf":[],"_links":{"self":[{"href":"https:\/\/capibara.express\/thuamanguina\/wp-json\/wp\/v2\/product\/548","targetHints":{"allow":["GET"]}}],"collection":[{"href":"https:\/\/capibara.express\/thuamanguina\/wp-json\/wp\/v2\/product"}],"about":[{"href":"https:\/\/capibara.express\/thuamanguina\/wp-json\/wp\/v2\/types\/product"}],"wp:featuredmedia":[{"embeddable":true,"href":"https:\/\/capibara.express\/thuamanguina\/wp-json\/wp\/v2\/media\/504"}],"wp:attachment":[{"href":"https:\/\/capibara.express\/thuamanguina\/wp-json\/wp\/v2\/media?parent=548"}],"wp:term":[{"taxonomy":"product_cat","embeddable":true,"href":"https:\/\/capibara.express\/thuamanguina\/wp-json\/wp\/v2\/product_cat?post=548"},{"taxonomy":"product_tag","embeddable":true,"href":"https:\/\/capibara.express\/thuamanguina\/wp-json\/wp\/v2\/product_tag?post=548"}],"curies":[{"name":"wp","href":"https:\/\/api.w.org\/{rel}","templated":true}]}}