{"id":552,"date":"2024-03-19T22:55:19","date_gmt":"2024-03-19T22:55:19","guid":{"rendered":"https:\/\/capibara.express\/thuamanguina\/producto\/torta-cuadrada-18cm\/"},"modified":"2024-03-19T22:55:19","modified_gmt":"2024-03-19T22:55:19","slug":"torta-cuadrada-18cm","status":"publish","type":"product","link":"https:\/\/capibara.express\/thuamanguina\/producto\/torta-cuadrada-18cm\/","title":{"rendered":"torta cuadrada 18cm"},"content":{"rendered":"","protected":false},"excerpt":{"rendered":"<p>Torta cuadrada: Elegante presentaci\u00f3n, sabores artesanales y dise\u00f1o que a\u00f1ade un toque moderno a tus celebraciones<\/p>\n","protected":false},"featured_media":515,"template":"","meta":[],"product_cat":[34],"product_tag":[],"class_list":["post-552","product","type-product","status-publish","has-post-thumbnail","hentry","product_cat-tortas-cuadradas"],"acf":[],"_links":{"self":[{"href":"https:\/\/capibara.express\/thuamanguina\/wp-json\/wp\/v2\/product\/552","targetHints":{"allow":["GET"]}}],"collection":[{"href":"https:\/\/capibara.express\/thuamanguina\/wp-json\/wp\/v2\/product"}],"about":[{"href":"https:\/\/capibara.express\/thuamanguina\/wp-json\/wp\/v2\/types\/product"}],"wp:featuredmedia":[{"embeddable":true,"href":"https:\/\/capibara.express\/thuamanguina\/wp-json\/wp\/v2\/media\/515"}],"wp:attachment":[{"href":"https:\/\/capibara.express\/thuamanguina\/wp-json\/wp\/v2\/media?parent=552"}],"wp:term":[{"taxonomy":"product_cat","embeddable":true,"href":"https:\/\/capibara.express\/thuamanguina\/wp-json\/wp\/v2\/product_cat?post=552"},{"taxonomy":"product_tag","embeddable":true,"href":"https:\/\/capibara.express\/thuamanguina\/wp-json\/wp\/v2\/product_tag?post=552"}],"curies":[{"name":"wp","href":"https:\/\/api.w.org\/{rel}","templated":true}]}}