{"id":568,"date":"2024-03-19T22:55:21","date_gmt":"2024-03-19T22:55:21","guid":{"rendered":"https:\/\/capibara.express\/thuamanguina\/producto\/munecos-personalizados-2\/"},"modified":"2024-03-19T22:55:21","modified_gmt":"2024-03-19T22:55:21","slug":"munecos-personalizados-2","status":"publish","type":"product","link":"https:\/\/capibara.express\/thuamanguina\/producto\/munecos-personalizados-2\/","title":{"rendered":"Mu\u00f1ecos personalizados"},"content":{"rendered":"","protected":false},"excerpt":{"rendered":"<p>Mu\u00f1eco de hasta xx cm de altura para decoraci\u00f3n de torta<\/p>\n","protected":false},"featured_media":494,"template":"","meta":[],"product_cat":[43],"product_tag":[],"class_list":["post-568","product","type-product","status-publish","has-post-thumbnail","hentry","product_cat-munecos-modelados"],"acf":[],"_links":{"self":[{"href":"https:\/\/capibara.express\/thuamanguina\/wp-json\/wp\/v2\/product\/568","targetHints":{"allow":["GET"]}}],"collection":[{"href":"https:\/\/capibara.express\/thuamanguina\/wp-json\/wp\/v2\/product"}],"about":[{"href":"https:\/\/capibara.express\/thuamanguina\/wp-json\/wp\/v2\/types\/product"}],"wp:featuredmedia":[{"embeddable":true,"href":"https:\/\/capibara.express\/thuamanguina\/wp-json\/wp\/v2\/media\/494"}],"wp:attachment":[{"href":"https:\/\/capibara.express\/thuamanguina\/wp-json\/wp\/v2\/media?parent=568"}],"wp:term":[{"taxonomy":"product_cat","embeddable":true,"href":"https:\/\/capibara.express\/thuamanguina\/wp-json\/wp\/v2\/product_cat?post=568"},{"taxonomy":"product_tag","embeddable":true,"href":"https:\/\/capibara.express\/thuamanguina\/wp-json\/wp\/v2\/product_tag?post=568"}],"curies":[{"name":"wp","href":"https:\/\/api.w.org\/{rel}","templated":true}]}}